{"id":1340,"date":"2024-05-20T21:19:08","date_gmt":"2024-05-20T21:19:08","guid":{"rendered":"https:\/\/shukurov.az\/?page_id=1340"},"modified":"2026-02-04T14:37:01","modified_gmt":"2026-02-04T10:37:01","slug":"price","status":"publish","type":"page","link":"https:\/\/shukurov.az\/az\/price\/","title":{"rendered":"\u0426\u0435\u043d\u0430"},"content":{"rendered":"<div data-elementor-type=\"wp-page\" data-elementor-id=\"1340\" class=\"elementor elementor-1340\">\n\t\t\t\t<div class=\"elementor-element elementor-element-a23432d e-flex e-con-boxed e-con e-parent\" data-id=\"a23432d\" data-element_type=\"container\" data-e-type=\"container\">\n\t\t\t\t\t<div class=\"e-con-inner\">\n\t\t<div class=\"elementor-element elementor-element-c4c4a66 e-con-full e-flex e-con e-child\" data-id=\"c4c4a66\" data-element_type=\"container\" data-e-type=\"container\">\n\t\t\t\t<div class=\"elementor-element elementor-element-db293d4 elementor-widget elementor-widget-heading\" data-id=\"db293d4\" data-element_type=\"widget\" data-e-type=\"widget\" data-widget_type=\"heading.default\">\n\t\t\t\t<div class=\"elementor-widget-container\">\n\t\t\t\t\t<h2 class=\"elementor-heading-title elementor-size-default\">Xidm\u0259tl\u0259rimizin qiym\u0259tl\u0259ri reklam b\u00fcdc\u0259sind\u0259n as\u0131l\u0131d\u0131r<\/h2>\t\t\t\t<\/div>\n\t\t\t\t<\/div>\n\t\t\t\t<div class=\"elementor-element elementor-element-e33637b elementor-widget elementor-widget-text-editor\" data-id=\"e33637b\" data-element_type=\"widget\" data-e-type=\"widget\" data-widget_type=\"text-editor.default\">\n\t\t\t\t<div class=\"elementor-widget-container\">\n\t\t\t\t\t\t\t\t\t<p>\u041c\u0438\u043d\u0438\u043c\u0430\u043b\u044c\u043d\u0430\u044f \u0441\u0442\u043e\u0438\u043c\u043e\u0441\u0442\u044c \u0443\u0441\u043b\u0443\u0433 \u0441\u043e\u0441\u0442\u0430\u0432\u043b\u044f\u0435\u0442 412$. <br \/>\u015eirk\u0259tiniz \u00fc\u00e7\u00fcn xidm\u0259tl\u0259rimizin d\u0259y\u0259rini hesablamaq \u00fc\u00e7\u00fcn kalkulyatordan istifad\u0259 edin.<\/p>\t\t\t\t\t\t\t\t<\/div>\n\t\t\t\t<\/div>\n\t\t\t\t<\/div>\n\t\t<div class=\"elementor-element elementor-element-437d624 e-con-full e-flex e-con e-child\" data-id=\"437d624\" data-element_type=\"container\" data-e-type=\"container\">\n\t\t\t\t<div class=\"elementor-element elementor-element-9ea7582 elementor-widget elementor-widget-image\" data-id=\"9ea7582\" data-element_type=\"widget\" data-e-type=\"widget\" data-widget_type=\"image.default\">\n\t\t\t\t<div class=\"elementor-widget-container\">\n\t\t\t\t\t\t\t\t\t\t\t\t\t\t\t<img fetchpriority=\"high\" decoding=\"async\" width=\"548\" height=\"424\" src=\"https:\/\/shukurov.az\/wp-content\/uploads\/2024\/05\/Rectangle-732-4.png\" class=\"attachment-large size-large wp-image-1342\" alt=\"\" \/>\t\t\t\t\t\t\t\t\t\t\t\t\t\t\t<\/div>\n\t\t\t\t<\/div>\n\t\t\t\t<\/div>\n\t\t\t\t\t<\/div>\n\t\t\t\t<\/div>\n\t\t<div class=\"elementor-element elementor-element-357ed52 e-flex e-con-boxed e-con e-parent\" data-id=\"357ed52\" data-element_type=\"container\" data-e-type=\"container\">\n\t\t\t\t\t<div class=\"e-con-inner\">\n\t\t\t\t<div class=\"elementor-element elementor-element-b96954d elementor-widget elementor-widget-where\" data-id=\"b96954d\" data-element_type=\"widget\" data-e-type=\"widget\" data-widget_type=\"where.default\">\n\t\t\t\t<div class=\"elementor-widget-container\">\n\t\t\t\t\t<div class=\"price_calcu\">\n    <h1>Reklam b\u00fcdc\u0259nizi \u018fDV-siz \u2013 AB\u015e dollar\u0131 $ il\u0259 qeyd edin  <\/h1>\n    <form id=\"price-calculator\" action=\"\">\n        <input type=\"number\" id=\"budget-input\" placeholder=\"Dollar m\u0259bl\u0259\u011fini daxil edin\" min=\"0\" step=\"1\" required>\n        <button type=\"button\" id=\"calculate-button\">Qiym\u0259ti hesablay\u0131n<\/button>\n        <div id=\"warning-text\">\n            <p id=\"result\"><\/p>\n            <p id=\"warning-text-main\">Diqq\u0259t! Bu t\u0259xmini qiym\u0259tdir, layih\u0259nin m\u00fcr\u0259kk\u0259bliyind\u0259n as\u0131l\u0131 olaraq daha az v\u0259 ya \u00e7ox d\u0259yi\u015f\u0259 bil\u0259r. Layih\u0259ni m\u00fczakir\u0259 ed\u0259rk\u0259n endirim d\u0259 \u0259ld\u0259 ed\u0259 bil\u0259rsiniz. Qiym\u0259ti d\u0259qiql\u0259\u015fdirm\u0259k \u00fc\u00e7\u00fcn rahat \u015f\u0259kild\u0259 biziml\u0259 \u0259laq\u0259 saxlay\u0131n.<\/p>\n\t\t\t <div class=\"three-columns\">\n        <div class=\"column\">\n            <a href=\"tel:+994704840000\" target=\"_blank\">\n                <img decoding=\"async\" src=\"https:\/\/shukurov.az\/wp-content\/uploads\/2024\/05\/Group-1097.svg\" alt=\"Group 1097\">\n            <\/a>\n        <\/div>\n        <div class=\"column\">\n            <a href=\"https:\/\/t.me\/ShukurovZaur\" target=\"_blank\">\n                <img decoding=\"async\" src=\"https:\/\/shukurov.az\/wp-content\/uploads\/2024\/05\/telegram-1.svg\" alt=\"Telegram\">\n            <\/a>\n        <\/div>\n        <div class=\"column\">\n            <a href=\"https:\/\/wa.me\/message\/ORH3QWV43S2IK1\" target=\"_blank\">\n                <img decoding=\"async\" src=\"https:\/\/shukurov.az\/wp-content\/uploads\/2024\/05\/whatsapp-1.svg\" alt=\"WhatsApp\">\n            <\/a>\n        <\/div>\n    <\/div>\n        <\/div>\n    <input type=\"hidden\" name=\"trp-form-language\" value=\"az\"\/><\/form>\n<\/div>\n\n\t\t\t\t\t\t<\/div>\n\t\t\t\t<\/div>\n\t\t\t\t\t<\/div>\n\t\t\t\t<\/div>\n\t\t\t\t<\/div>","protected":false},"excerpt":{"rendered":"<p>\u0426\u0435\u043d\u044b \u043d\u0430\u0448\u0438\u0445 \u0443\u0441\u043b\u0443\u0433 \u0437\u0430\u0432\u0438\u0441\u044f\u0442 \u043e\u0442 \u0440\u0435\u043a\u043b\u0430\u043c\u043d\u043e\u0433\u043e \u0431\u044e\u0434\u0436\u0435\u0442\u0430 \u041c\u0438\u043d\u0438\u043c\u0430\u043b\u044c\u043d\u0430\u044f \u0441\u0442\u043e\u0438\u043c\u043e\u0441\u0442\u044c \u0443\u0441\u043b\u0443\u0433 \u0441\u043e\u0441\u0442\u0430\u0432\u043b\u044f\u0435\u0442 412$. \u0414\u043b\u044f \u043f\u043e\u0434\u0441\u0447\u0435\u0442\u0430 \u0441\u0442\u043e\u0438\u043c\u043e\u0441\u0442\u0438 \u043d\u0430\u0448\u0438\u0445 \u0443\u0441\u043b\u0443\u0433 \u0434\u043b\u044f \u0432\u0430\u0448\u0435\u0439 \u043a\u043e\u043c\u043f\u0430\u043d\u0438\u0438, [&hellip;]<\/p>\n","protected":false},"author":1,"featured_media":0,"parent":0,"menu_order":0,"comment_status":"closed","ping_status":"closed","template":"","meta":{"_acf_changed":false,"site-sidebar-layout":"no-sidebar","site-content-layout":"","ast-site-content-layout":"full-width-container","site-content-style":"default","site-sidebar-style":"default","ast-global-header-display":"","ast-banner-title-visibility":"","ast-main-header-display":"","ast-hfb-above-header-display":"","ast-hfb-below-header-display":"","ast-hfb-mobile-header-display":"","site-post-title":"disabled","ast-breadcrumbs-content":"","ast-featured-img":"disabled","footer-sml-layout":"","ast-disable-related-posts":"","theme-transparent-header-meta":"default","adv-header-id-meta":"","stick-header-meta":"","header-above-stick-meta":"","header-main-stick-meta":"","header-below-stick-meta":"","astra-migrate-meta-layouts":"set","ast-page-background-enabled":"default","ast-page-background-meta":{"desktop":{"background-color":"var(--ast-global-color-4)","background-image":"","background-repeat":"repeat","background-position":"center center","background-size":"auto","background-attachment":"scroll","background-type":"","background-media":"","overlay-type":"","overlay-color":"","overlay-opacity":"","overlay-gradient":""},"tablet":{"background-color":"","background-image":"","background-repeat":"repeat","background-position":"center center","background-size":"auto","background-attachment":"scroll","background-type":"","background-media":"","overlay-type":"","overlay-color":"","overlay-opacity":"","overlay-gradient":""},"mobile":{"background-color":"","background-image":"","background-repeat":"repeat","background-position":"center center","background-size":"auto","background-attachment":"scroll","background-type":"","background-media":"","overlay-type":"","overlay-color":"","overlay-opacity":"","overlay-gradient":""}},"ast-content-background-meta":{"desktop":{"background-color":"var(--ast-global-color-5)","background-image":"","background-repeat":"repeat","background-position":"center center","background-size":"auto","background-attachment":"scroll","background-type":"","background-media":"","overlay-type":"","overlay-color":"","overlay-opacity":"","overlay-gradient":""},"tablet":{"background-color":"var(--ast-global-color-5)","background-image":"","background-repeat":"repeat","background-position":"center center","background-size":"auto","background-attachment":"scroll","background-type":"","background-media":"","overlay-type":"","overlay-color":"","overlay-opacity":"","overlay-gradient":""},"mobile":{"background-color":"var(--ast-global-color-5)","background-image":"","background-repeat":"repeat","background-position":"center center","background-size":"auto","background-attachment":"scroll","background-type":"","background-media":"","overlay-type":"","overlay-color":"","overlay-opacity":"","overlay-gradient":""}},"footnotes":""},"services":[],"class_list":["post-1340","page","type-page","status-publish","hentry"],"acf":[],"yoast_head":"<!-- This site is optimized with the Yoast SEO plugin v27.4 - https:\/\/yoast.com\/product\/yoast-seo-wordpress\/ -->\n<title>\u0426\u0435\u043d\u0430 | \u0423\u0441\u043b\u0443\u0433\u0438 \u0442\u0430\u0440\u0433\u0435\u0442\u043e\u043b\u043e\u0433\u0430 | SHUKUROV.AZ<\/title>\n<meta name=\"description\" content=\"\u0426\u0435\u043d\u0430 \u043d\u0430 \u0443\u0441\u043b\u0443\u0433\u0438 \u0437\u0430\u0432\u0438\u0441\u0438\u0442 \u043e\u0442 \u0432\u0430\u0448\u0435\u0433\u043e \u0440\u0435\u043a\u043b\u0430\u043c\u043d\u043e\u0433\u043e \u0431\u044e\u0434\u0436\u0435\u0442\u0430. \u0412\u044b \u043c\u043e\u0436\u0435\u0442\u0435 \u043f\u043e\u0441\u0447\u0438\u0442\u0430\u0442\u044c \u043f\u0440\u0438\u0431\u043b\u0438\u0437\u0435\u0442\u043b\u044c\u043d\u0443\u044e \u0446\u0435\u043d\u0443 \u043d\u0430\u0448\u0438\u0445 \u0443\u0441\u043b\u0443\u0433 \u0434\u043b\u044f \u0432\u0430\u0448\u0435\u0433\u043e \u043f\u0440\u043e\u0435\u043a\u0442\u044f \u043f\u0440\u044f\u043c\u043e \u0441\u0435\u0439\u0447\u0430\u0441!\" \/>\n<meta name=\"robots\" content=\"index, follow, max-snippet:-1, max-image-preview:large, max-video-preview:-1\" \/>\n<link rel=\"canonical\" href=\"https:\/\/shukurov.az\/az\/price\/\" \/>\n<meta property=\"og:locale\" content=\"az_AZ\" \/>\n<meta property=\"og:type\" content=\"article\" \/>\n<meta property=\"og:title\" content=\"\u0426\u0435\u043d\u0430 | \u0423\u0441\u043b\u0443\u0433\u0438 \u0442\u0430\u0440\u0433\u0435\u0442\u043e\u043b\u043e\u0433\u0430 | SHUKUROV.AZ\" \/>\n<meta property=\"og:description\" content=\"\u0426\u0435\u043d\u0430 \u043d\u0430 \u0443\u0441\u043b\u0443\u0433\u0438 \u0437\u0430\u0432\u0438\u0441\u0438\u0442 \u043e\u0442 \u0432\u0430\u0448\u0435\u0433\u043e \u0440\u0435\u043a\u043b\u0430\u043c\u043d\u043e\u0433\u043e \u0431\u044e\u0434\u0436\u0435\u0442\u0430. \u0412\u044b \u043c\u043e\u0436\u0435\u0442\u0435 \u043f\u043e\u0441\u0447\u0438\u0442\u0430\u0442\u044c \u043f\u0440\u0438\u0431\u043b\u0438\u0437\u0435\u0442\u043b\u044c\u043d\u0443\u044e \u0446\u0435\u043d\u0443 \u043d\u0430\u0448\u0438\u0445 \u0443\u0441\u043b\u0443\u0433 \u0434\u043b\u044f \u0432\u0430\u0448\u0435\u0433\u043e \u043f\u0440\u043e\u0435\u043a\u0442\u044f \u043f\u0440\u044f\u043c\u043e \u0441\u0435\u0439\u0447\u0430\u0441!\" \/>\n<meta property=\"og:url\" content=\"https:\/\/shukurov.az\/az\/price\/\" \/>\n<meta property=\"og:site_name\" content=\"SHUKUROV.AZ\" \/>\n<meta property=\"article:publisher\" content=\"https:\/\/www.facebook.com\/shukurovagency.az\" \/>\n<meta property=\"article:modified_time\" content=\"2026-02-04T10:37:01+00:00\" \/>\n<meta property=\"og:image\" content=\"https:\/\/shukurov.az\/wp-content\/uploads\/2024\/05\/Rectangle-732-4.png\" \/>\n\t<meta property=\"og:image:width\" content=\"548\" \/>\n\t<meta property=\"og:image:height\" content=\"424\" \/>\n\t<meta property=\"og:image:type\" content=\"image\/png\" \/>\n<meta name=\"twitter:card\" content=\"summary_large_image\" \/>\n<meta name=\"twitter:label1\" content=\"Est. reading time\" \/>\n\t<meta name=\"twitter:data1\" content=\"1 minute\" \/>\n<script type=\"application\/ld+json\" class=\"yoast-schema-graph\">{\"@context\":\"https:\\\/\\\/schema.org\",\"@graph\":[{\"@type\":\"WebPage\",\"@id\":\"https:\\\/\\\/shukurov.az\\\/ru\\\/price\\\/\",\"url\":\"https:\\\/\\\/shukurov.az\\\/ru\\\/price\\\/\",\"name\":\"\u0426\u0435\u043d\u0430 | \u0423\u0441\u043b\u0443\u0433\u0438 \u0442\u0430\u0440\u0433\u0435\u0442\u043e\u043b\u043e\u0433\u0430 | SHUKUROV.AZ\",\"isPartOf\":{\"@id\":\"https:\\\/\\\/shukurov.az\\\/ru\\\/#website\"},\"primaryImageOfPage\":{\"@id\":\"https:\\\/\\\/shukurov.az\\\/ru\\\/price\\\/#primaryimage\"},\"image\":{\"@id\":\"https:\\\/\\\/shukurov.az\\\/ru\\\/price\\\/#primaryimage\"},\"thumbnailUrl\":\"https:\\\/\\\/shukurov.az\\\/wp-content\\\/uploads\\\/2024\\\/05\\\/Rectangle-732-4.png\",\"datePublished\":\"2024-05-20T21:19:08+00:00\",\"dateModified\":\"2026-02-04T10:37:01+00:00\",\"description\":\"\u0426\u0435\u043d\u0430 \u043d\u0430 \u0443\u0441\u043b\u0443\u0433\u0438 \u0437\u0430\u0432\u0438\u0441\u0438\u0442 \u043e\u0442 \u0432\u0430\u0448\u0435\u0433\u043e \u0440\u0435\u043a\u043b\u0430\u043c\u043d\u043e\u0433\u043e \u0431\u044e\u0434\u0436\u0435\u0442\u0430. \u0412\u044b \u043c\u043e\u0436\u0435\u0442\u0435 \u043f\u043e\u0441\u0447\u0438\u0442\u0430\u0442\u044c \u043f\u0440\u0438\u0431\u043b\u0438\u0437\u0435\u0442\u043b\u044c\u043d\u0443\u044e \u0446\u0435\u043d\u0443 \u043d\u0430\u0448\u0438\u0445 \u0443\u0441\u043b\u0443\u0433 \u0434\u043b\u044f \u0432\u0430\u0448\u0435\u0433\u043e \u043f\u0440\u043e\u0435\u043a\u0442\u044f \u043f\u0440\u044f\u043c\u043e \u0441\u0435\u0439\u0447\u0430\u0441!\",\"breadcrumb\":{\"@id\":\"https:\\\/\\\/shukurov.az\\\/ru\\\/price\\\/#breadcrumb\"},\"inLanguage\":\"az\",\"potentialAction\":[{\"@type\":\"ReadAction\",\"target\":[\"https:\\\/\\\/shukurov.az\\\/ru\\\/price\\\/\"]}]},{\"@type\":\"ImageObject\",\"inLanguage\":\"az\",\"@id\":\"https:\\\/\\\/shukurov.az\\\/ru\\\/price\\\/#primaryimage\",\"url\":\"https:\\\/\\\/shukurov.az\\\/wp-content\\\/uploads\\\/2024\\\/05\\\/Rectangle-732-4.png\",\"contentUrl\":\"https:\\\/\\\/shukurov.az\\\/wp-content\\\/uploads\\\/2024\\\/05\\\/Rectangle-732-4.png\"},{\"@type\":\"BreadcrumbList\",\"@id\":\"https:\\\/\\\/shukurov.az\\\/ru\\\/price\\\/#breadcrumb\",\"itemListElement\":[{\"@type\":\"ListItem\",\"position\":1,\"name\":\"\u0413\u043b\u0430\u0432\u043d\u0430\u044f \u0441\u0442\u0440\u0430\u043d\u0438\u0446\u0430\",\"item\":\"https:\\\/\\\/shukurov.az\\\/\"},{\"@type\":\"ListItem\",\"position\":2,\"name\":\"\u0426\u0435\u043d\u0430\"}]},{\"@type\":\"WebSite\",\"@id\":\"https:\\\/\\\/shukurov.az\\\/ru\\\/#website\",\"url\":\"https:\\\/\\\/shukurov.az\\\/ru\\\/\",\"name\":\"SHUKUROV.AZ\",\"description\":\"\u0420\u0435\u043a\u043b\u0430\u043c\u043d\u043e\u0435 \u0430\u0433\u0435\u043d\u0441\u0442\u0432\u043e \u043d\u0430 \u0432\u0441\u0435\u0445 \u043f\u043b\u043e\u0449\u0430\u0434\u043a\u0430\u0445. \u0422\u0430\u0440\u0433\u0435\u0442\u043e\u043b\u043e\u0433\u0438, PPC \u0441\u043f\u0435\u0446\u0438\u0430\u043b\u0438\u0441\u0442\u044b \u0438 \u043d\u0430\u0441\u0442\u043e\u044f\u0449\u0438\u0435 \u0441\u0435\u0440\u0442\u0438\u0444\u0438\u0446\u0438\u0440\u043e\u0432\u0430\u043d\u043d\u044b\u0435 \u043f\u0440\u043e\u0444\u0435\u0441\u0441\u0438\u043e\u043d\u0430\u043b\u044b!\",\"publisher\":{\"@id\":\"https:\\\/\\\/shukurov.az\\\/ru\\\/#organization\"},\"alternateName\":\"Shukurov Marketing Group\",\"potentialAction\":[{\"@type\":\"SearchAction\",\"target\":{\"@type\":\"EntryPoint\",\"urlTemplate\":\"https:\\\/\\\/shukurov.az\\\/ru\\\/?s={search_term_string}\"},\"query-input\":{\"@type\":\"PropertyValueSpecification\",\"valueRequired\":true,\"valueName\":\"search_term_string\"}}],\"inLanguage\":\"az\"},{\"@type\":\"Organization\",\"@id\":\"https:\\\/\\\/shukurov.az\\\/ru\\\/#organization\",\"name\":\"Shukurov Marketing Group\",\"url\":\"https:\\\/\\\/shukurov.az\\\/ru\\\/\",\"logo\":{\"@type\":\"ImageObject\",\"inLanguage\":\"az\",\"@id\":\"https:\\\/\\\/shukurov.az\\\/ru\\\/#\\\/schema\\\/logo\\\/image\\\/\",\"url\":\"https:\\\/\\\/shukurov.az\\\/wp-content\\\/uploads\\\/2024\\\/09\\\/shukurov.az-20240213_145640.jpg\",\"contentUrl\":\"https:\\\/\\\/shukurov.az\\\/wp-content\\\/uploads\\\/2024\\\/09\\\/shukurov.az-20240213_145640.jpg\",\"width\":640,\"height\":640,\"caption\":\"Shukurov Marketing Group\"},\"image\":{\"@id\":\"https:\\\/\\\/shukurov.az\\\/ru\\\/#\\\/schema\\\/logo\\\/image\\\/\"},\"sameAs\":[\"https:\\\/\\\/www.facebook.com\\\/shukurovagency.az\"]}]}<\/script>\n<!-- \/ Yoast SEO plugin. -->","yoast_head_json":{"title":"\u0426\u0435\u043d\u0430 | \u0423\u0441\u043b\u0443\u0433\u0438 \u0442\u0430\u0440\u0433\u0435\u0442\u043e\u043b\u043e\u0433\u0430 | SHUKUROV.AZ","description":"\u0426\u0435\u043d\u0430 \u043d\u0430 \u0443\u0441\u043b\u0443\u0433\u0438 \u0437\u0430\u0432\u0438\u0441\u0438\u0442 \u043e\u0442 \u0432\u0430\u0448\u0435\u0433\u043e \u0440\u0435\u043a\u043b\u0430\u043c\u043d\u043e\u0433\u043e \u0431\u044e\u0434\u0436\u0435\u0442\u0430. \u0412\u044b \u043c\u043e\u0436\u0435\u0442\u0435 \u043f\u043e\u0441\u0447\u0438\u0442\u0430\u0442\u044c \u043f\u0440\u0438\u0431\u043b\u0438\u0437\u0435\u0442\u043b\u044c\u043d\u0443\u044e \u0446\u0435\u043d\u0443 \u043d\u0430\u0448\u0438\u0445 \u0443\u0441\u043b\u0443\u0433 \u0434\u043b\u044f \u0432\u0430\u0448\u0435\u0433\u043e \u043f\u0440\u043e\u0435\u043a\u0442\u044f \u043f\u0440\u044f\u043c\u043e \u0441\u0435\u0439\u0447\u0430\u0441!","robots":{"index":"index","follow":"follow","max-snippet":"max-snippet:-1","max-image-preview":"max-image-preview:large","max-video-preview":"max-video-preview:-1"},"canonical":"https:\/\/shukurov.az\/az\/price\/","og_locale":"az_AZ","og_type":"article","og_title":"\u0426\u0435\u043d\u0430 | \u0423\u0441\u043b\u0443\u0433\u0438 \u0442\u0430\u0440\u0433\u0435\u0442\u043e\u043b\u043e\u0433\u0430 | SHUKUROV.AZ","og_description":"\u0426\u0435\u043d\u0430 \u043d\u0430 \u0443\u0441\u043b\u0443\u0433\u0438 \u0437\u0430\u0432\u0438\u0441\u0438\u0442 \u043e\u0442 \u0432\u0430\u0448\u0435\u0433\u043e \u0440\u0435\u043a\u043b\u0430\u043c\u043d\u043e\u0433\u043e \u0431\u044e\u0434\u0436\u0435\u0442\u0430. \u0412\u044b \u043c\u043e\u0436\u0435\u0442\u0435 \u043f\u043e\u0441\u0447\u0438\u0442\u0430\u0442\u044c \u043f\u0440\u0438\u0431\u043b\u0438\u0437\u0435\u0442\u043b\u044c\u043d\u0443\u044e \u0446\u0435\u043d\u0443 \u043d\u0430\u0448\u0438\u0445 \u0443\u0441\u043b\u0443\u0433 \u0434\u043b\u044f \u0432\u0430\u0448\u0435\u0433\u043e \u043f\u0440\u043e\u0435\u043a\u0442\u044f \u043f\u0440\u044f\u043c\u043e \u0441\u0435\u0439\u0447\u0430\u0441!","og_url":"https:\/\/shukurov.az\/az\/price\/","og_site_name":"SHUKUROV.AZ","article_publisher":"https:\/\/www.facebook.com\/shukurovagency.az","article_modified_time":"2026-02-04T10:37:01+00:00","og_image":[{"width":548,"height":424,"url":"https:\/\/shukurov.az\/wp-content\/uploads\/2024\/05\/Rectangle-732-4.png","type":"image\/png"}],"twitter_card":"summary_large_image","twitter_misc":{"Est. reading time":"1 minute"},"schema":{"@context":"https:\/\/schema.org","@graph":[{"@type":"WebPage","@id":"https:\/\/shukurov.az\/ru\/price\/","url":"https:\/\/shukurov.az\/ru\/price\/","name":"\u0426\u0435\u043d\u0430 | \u0423\u0441\u043b\u0443\u0433\u0438 \u0442\u0430\u0440\u0433\u0435\u0442\u043e\u043b\u043e\u0433\u0430 | SHUKUROV.AZ","isPartOf":{"@id":"https:\/\/shukurov.az\/ru\/#website"},"primaryImageOfPage":{"@id":"https:\/\/shukurov.az\/ru\/price\/#primaryimage"},"image":{"@id":"https:\/\/shukurov.az\/ru\/price\/#primaryimage"},"thumbnailUrl":"https:\/\/shukurov.az\/wp-content\/uploads\/2024\/05\/Rectangle-732-4.png","datePublished":"2024-05-20T21:19:08+00:00","dateModified":"2026-02-04T10:37:01+00:00","description":"\u0426\u0435\u043d\u0430 \u043d\u0430 \u0443\u0441\u043b\u0443\u0433\u0438 \u0437\u0430\u0432\u0438\u0441\u0438\u0442 \u043e\u0442 \u0432\u0430\u0448\u0435\u0433\u043e \u0440\u0435\u043a\u043b\u0430\u043c\u043d\u043e\u0433\u043e \u0431\u044e\u0434\u0436\u0435\u0442\u0430. \u0412\u044b \u043c\u043e\u0436\u0435\u0442\u0435 \u043f\u043e\u0441\u0447\u0438\u0442\u0430\u0442\u044c \u043f\u0440\u0438\u0431\u043b\u0438\u0437\u0435\u0442\u043b\u044c\u043d\u0443\u044e \u0446\u0435\u043d\u0443 \u043d\u0430\u0448\u0438\u0445 \u0443\u0441\u043b\u0443\u0433 \u0434\u043b\u044f \u0432\u0430\u0448\u0435\u0433\u043e \u043f\u0440\u043e\u0435\u043a\u0442\u044f \u043f\u0440\u044f\u043c\u043e \u0441\u0435\u0439\u0447\u0430\u0441!","breadcrumb":{"@id":"https:\/\/shukurov.az\/ru\/price\/#breadcrumb"},"inLanguage":"az","potentialAction":[{"@type":"ReadAction","target":["https:\/\/shukurov.az\/ru\/price\/"]}]},{"@type":"ImageObject","inLanguage":"az","@id":"https:\/\/shukurov.az\/ru\/price\/#primaryimage","url":"https:\/\/shukurov.az\/wp-content\/uploads\/2024\/05\/Rectangle-732-4.png","contentUrl":"https:\/\/shukurov.az\/wp-content\/uploads\/2024\/05\/Rectangle-732-4.png"},{"@type":"BreadcrumbList","@id":"https:\/\/shukurov.az\/ru\/price\/#breadcrumb","itemListElement":[{"@type":"ListItem","position":1,"name":"\u0413\u043b\u0430\u0432\u043d\u0430\u044f \u0441\u0442\u0440\u0430\u043d\u0438\u0446\u0430","item":"https:\/\/shukurov.az\/"},{"@type":"ListItem","position":2,"name":"\u0426\u0435\u043d\u0430"}]},{"@type":"WebSite","@id":"https:\/\/shukurov.az\/ru\/#website","url":"https:\/\/shukurov.az\/ru\/","name":"SHUKUROV.AZ","description":"\u0420\u0435\u043a\u043b\u0430\u043c\u043d\u043e\u0435 \u0430\u0433\u0435\u043d\u0441\u0442\u0432\u043e \u043d\u0430 \u0432\u0441\u0435\u0445 \u043f\u043b\u043e\u0449\u0430\u0434\u043a\u0430\u0445. \u0422\u0430\u0440\u0433\u0435\u0442\u043e\u043b\u043e\u0433\u0438, PPC \u0441\u043f\u0435\u0446\u0438\u0430\u043b\u0438\u0441\u0442\u044b \u0438 \u043d\u0430\u0441\u0442\u043e\u044f\u0449\u0438\u0435 \u0441\u0435\u0440\u0442\u0438\u0444\u0438\u0446\u0438\u0440\u043e\u0432\u0430\u043d\u043d\u044b\u0435 \u043f\u0440\u043e\u0444\u0435\u0441\u0441\u0438\u043e\u043d\u0430\u043b\u044b!","publisher":{"@id":"https:\/\/shukurov.az\/ru\/#organization"},"alternateName":"Shukurov Marketing Group","potentialAction":[{"@type":"SearchAction","target":{"@type":"EntryPoint","urlTemplate":"https:\/\/shukurov.az\/ru\/?s={search_term_string}"},"query-input":{"@type":"PropertyValueSpecification","valueRequired":true,"valueName":"search_term_string"}}],"inLanguage":"az"},{"@type":"Organization","@id":"https:\/\/shukurov.az\/ru\/#organization","name":"Shukurov Marketing Group","url":"https:\/\/shukurov.az\/ru\/","logo":{"@type":"ImageObject","inLanguage":"az","@id":"https:\/\/shukurov.az\/ru\/#\/schema\/logo\/image\/","url":"https:\/\/shukurov.az\/wp-content\/uploads\/2024\/09\/shukurov.az-20240213_145640.jpg","contentUrl":"https:\/\/shukurov.az\/wp-content\/uploads\/2024\/09\/shukurov.az-20240213_145640.jpg","width":640,"height":640,"caption":"Shukurov Marketing Group"},"image":{"@id":"https:\/\/shukurov.az\/ru\/#\/schema\/logo\/image\/"},"sameAs":["https:\/\/www.facebook.com\/shukurovagency.az"]}]}},"_links":{"self":[{"href":"https:\/\/shukurov.az\/az\/wp-json\/wp\/v2\/pages\/1340","targetHints":{"allow":["GET"]}}],"collection":[{"href":"https:\/\/shukurov.az\/az\/wp-json\/wp\/v2\/pages"}],"about":[{"href":"https:\/\/shukurov.az\/az\/wp-json\/wp\/v2\/types\/page"}],"author":[{"embeddable":true,"href":"https:\/\/shukurov.az\/az\/wp-json\/wp\/v2\/users\/1"}],"replies":[{"embeddable":true,"href":"https:\/\/shukurov.az\/az\/wp-json\/wp\/v2\/comments?post=1340"}],"version-history":[{"count":0,"href":"https:\/\/shukurov.az\/az\/wp-json\/wp\/v2\/pages\/1340\/revisions"}],"wp:attachment":[{"href":"https:\/\/shukurov.az\/az\/wp-json\/wp\/v2\/media?parent=1340"}],"wp:term":[{"taxonomy":"services","embeddable":true,"href":"https:\/\/shukurov.az\/az\/wp-json\/wp\/v2\/services?post=1340"}],"curies":[{"name":"wp","href":"https:\/\/api.w.org\/{rel}","templated":true}]}}